{"id":2573,"date":"2021-09-20T04:50:51","date_gmt":"2021-09-20T02:50:51","guid":{"rendered":"https:\/\/www.perez-poch.org\/microgravedad\/"},"modified":"2021-09-21T19:07:51","modified_gmt":"2021-09-21T17:07:51","slug":"microgravedad","status":"publish","type":"page","link":"https:\/\/www.perez-poch.org\/es\/microgravedad\/","title":{"rendered":"Microgravedad"},"content":{"rendered":"\t\t<div data-elementor-type=\"wp-page\" data-elementor-id=\"2573\" class=\"elementor elementor-2573 elementor-178\">\n\t\t\t\t\t\t<section class=\"elementor-section elementor-top-section elementor-element elementor-element-12a0ec9 elementor-section-boxed elementor-section-height-default elementor-section-height-default\" data-id=\"12a0ec9\" data-element_type=\"section\">\n\t\t\t\t\t\t<div class=\"elementor-container elementor-column-gap-default\">\n\t\t\t\t\t<div class=\"elementor-column elementor-col-100 elementor-top-column elementor-element elementor-element-037af5f\" data-id=\"037af5f\" data-element_type=\"column\">\n\t\t\t<div class=\"elementor-widget-wrap elementor-element-populated\">\n\t\t\t\t\t\t<div class=\"elementor-element elementor-element-9f1838e elementor-widget elementor-widget-heading\" data-id=\"9f1838e\" data-element_type=\"widget\" data-widget_type=\"heading.default\">\n\t\t\t\t<div class=\"elementor-widget-container\">\n\t\t\t<style>\/*! elementor - v3.23.0 - 05-08-2024 *\/\n.elementor-heading-title{padding:0;margin:0;line-height:1}.elementor-widget-heading .elementor-heading-title[class*=elementor-size-]>a{color:inherit;font-size:inherit;line-height:inherit}.elementor-widget-heading .elementor-heading-title.elementor-size-small{font-size:15px}.elementor-widget-heading .elementor-heading-title.elementor-size-medium{font-size:19px}.elementor-widget-heading .elementor-heading-title.elementor-size-large{font-size:29px}.elementor-widget-heading .elementor-heading-title.elementor-size-xl{font-size:39px}.elementor-widget-heading .elementor-heading-title.elementor-size-xxl{font-size:59px}<\/style><h2 class=\"elementor-heading-title elementor-size-default\">Microgravedad<\/h2>\t\t<\/div>\n\t\t\t\t<\/div>\n\t\t\t\t\t<\/div>\n\t\t<\/div>\n\t\t\t\t\t<\/div>\n\t\t<\/section>\n\t\t\t\t<section class=\"elementor-section elementor-top-section elementor-element elementor-element-b53c543 elementor-section-boxed elementor-section-height-default elementor-section-height-default\" data-id=\"b53c543\" data-element_type=\"section\">\n\t\t\t\t\t\t<div class=\"elementor-container elementor-column-gap-default\">\n\t\t\t\t\t<div class=\"elementor-column elementor-col-100 elementor-top-column elementor-element elementor-element-f2435e5\" data-id=\"f2435e5\" data-element_type=\"column\">\n\t\t\t<div class=\"elementor-widget-wrap elementor-element-populated\">\n\t\t\t\t\t\t<div class=\"elementor-element elementor-element-323e57b elementor-widget elementor-widget-heading\" data-id=\"323e57b\" data-element_type=\"widget\" data-widget_type=\"heading.default\">\n\t\t\t\t<div class=\"elementor-widget-container\">\n\t\t\t<h4 class=\"elementor-heading-title elementor-size-default\">Fisiolog\u00eda humana en el Espacio<\/h4>\t\t<\/div>\n\t\t\t\t<\/div>\n\t\t\t\t<div class=\"elementor-element elementor-element-ee37613 elementor-widget elementor-widget-text-editor\" data-id=\"ee37613\" data-element_type=\"widget\" data-widget_type=\"text-editor.default\">\n\t\t\t\t<div class=\"elementor-widget-container\">\n\t\t\t<style>\/*! elementor - v3.23.0 - 05-08-2024 *\/\n.elementor-widget-text-editor.elementor-drop-cap-view-stacked .elementor-drop-cap{background-color:#69727d;color:#fff}.elementor-widget-text-editor.elementor-drop-cap-view-framed .elementor-drop-cap{color:#69727d;border:3px solid;background-color:transparent}.elementor-widget-text-editor:not(.elementor-drop-cap-view-default) .elementor-drop-cap{margin-top:8px}.elementor-widget-text-editor:not(.elementor-drop-cap-view-default) .elementor-drop-cap-letter{width:1em;height:1em}.elementor-widget-text-editor .elementor-drop-cap{float:left;text-align:center;line-height:1;font-size:50px}.elementor-widget-text-editor .elementor-drop-cap-letter{display:inline-block}<\/style>\t\t\t\t<p>Investigamos c\u00f3mo la microgravedad afecta a la fisiolog\u00eda humana. El Dr. Perez-Poch se gradu\u00f3 de la<a href=\"http:\/\/www.isunet.edu\"> Universidad Internacional del Espacio<\/a>\u00a0en el Programa SSP09 celebrado en el<a href=\"http:\/\/nasa.gov\/ames\"> Centro de Investigaci\u00f3n Ames de la NASA<\/a> . Es piloto privado (PPL-A) de la<a href=\"http:\/\/www.barcelonaflightschool.com\"> Escuela de vuelo de Barcelona<\/a> .<\/p><p><span style=\"color: var( --e-global-color-text ); font-family: var( --e-global-typography-text-font-family ), Sans-serif; font-size: var( --e-global-typography-text-font-size ); font-weight: var( --e-global-typography-text-font-weight );\">En un estudio realizado por<\/span><a style=\"font-family: var( --e-global-typography-text-font-family ), Sans-serif; font-size: var( --e-global-typography-text-font-size ); font-weight: var( --e-global-typography-text-font-weight ); background-color: #ffffff;\" href=\"https:\/\/en.dexeus.com\/\" target=\"_blank\" rel=\"noopener\"> Dexeus Mujer<\/a><span style=\"color: var( --e-global-color-text ); font-family: var( --e-global-typography-text-font-family ), Sans-serif; font-size: var( --e-global-typography-text-font-size ); font-weight: var( --e-global-typography-text-font-weight );\"> (PI: Dra Montserrat Boada) en colaboraci\u00f3n con la<\/span><a style=\"font-family: var( --e-global-typography-text-font-family ), Sans-serif; font-size: var( --e-global-typography-text-font-size ); font-weight: var( --e-global-typography-text-font-weight ); background-color: #ffffff;\" href=\"https:\/\/www.upc.edu\" target=\"_blank\" rel=\"noopener\"> UPC<\/a><span style=\"color: var( --e-global-color-text ); font-family: var( --e-global-typography-text-font-family ), Sans-serif; font-size: var( --e-global-typography-text-font-size ); font-weight: var( --e-global-typography-text-font-weight );\">, demostramos que las condiciones de gravedad fuera de la Tierra no afectan a los espermatozoides humanos congelados. Los resultados de este estudio se informaron a finales de junio de 2020 en la 35a Reuni\u00f3n Anual de la Sociedad Europea de Reproducci\u00f3n Humana y Embriolog\u00eda celebrada en Viena. El estudio es relevante ya que muestra la viabilidad de utilizar bancos de esperma congelados en condiciones de microgravedad, sugiriendo as\u00ed la posibilidad de utilizar t\u00e9cnicas de FIV (Fertilizaci\u00f3n In Vitro) para permitir la Reproducci\u00f3n Humana en el Espacio.<\/span><\/p><p>Los experimentos se llevan a cabo en el aeropuerto de Sabadell (en las afueras de Barcelona) con la colaboraci\u00f3n del<a href=\"http:\/\/aeroclub.es\"> Aeroclub Barcelona-Sabadell<\/a> como operador de vuelo. Nuestra contribuci\u00f3n como<a href=\"http:\/\/www.cs.upc.edu\/en\"> Departamento de Ciencias de la Computaci\u00f3n <\/a>consisti\u00f3 en desarrollar un simulador de vuelo espec\u00edfico que nos permiti\u00f3 optimizar la calidad de la microgravedad durante las par\u00e1bolas (ver Documento # 5 a continuaci\u00f3n).<\/p><p><span style=\"color: var( --e-global-color-text ); font-family: var( --e-global-typography-text-font-family ), Sans-serif; font-size: var( --e-global-typography-text-font-size ); font-weight: var( --e-global-typography-text-font-weight );\">Hemos analizado otros fen\u00f3menos en microgravedad. Con el grupo del Dr. Goswani de Austria, por ejemplo, hemos investigado los efectos de realizar c\u00e1lculos mentales en el sistema cardiovascular (consulte el Documento n. \u00b0 6 a continuaci\u00f3n). La relevancia de los resultados es que sugieren que la gimnasia mental puede desempe\u00f1ar un papel como posible remedio contra el decondicionamiento del sistema cardiovasculares durante los vuelos espaciales a largo plazo fuera de la Tierra.<\/span><\/p><p><span style=\"color: var( --e-global-color-text ); font-family: var( --e-global-typography-text-font-family ), Sans-serif; font-size: var( --e-global-typography-text-font-size ); font-weight: var( --e-global-typography-text-font-weight );\">Estamos dispuestos a cooperar con otros grupos de investigaci\u00f3n de todo el mundo interesados en realizar otros experimentos en Microgravedad. Estudiantes de nuestro laboratorio en<a href=\"http:\/\/lam.upc.edu\"> LAM &#8211; UPC<\/a> (Licenciatura y M\u00e1ster \/ Doctorado) tambi\u00e9n pueden desarrollar sus habilidades investigadoras dentro de nuestro grupo de investigaci\u00f3n. <\/span><\/p>\t\t\t\t\t\t<\/div>\n\t\t\t\t<\/div>\n\t\t\t\t<div class=\"elementor-element elementor-element-18c69e0 elementor-widget elementor-widget-image\" data-id=\"18c69e0\" data-element_type=\"widget\" data-widget_type=\"image.default\">\n\t\t\t\t<div class=\"elementor-widget-container\">\n\t\t\t<style>\/*! elementor - v3.23.0 - 05-08-2024 *\/\n.elementor-widget-image{text-align:center}.elementor-widget-image a{display:inline-block}.elementor-widget-image a img[src$=\".svg\"]{width:48px}.elementor-widget-image img{vertical-align:middle;display:inline-block}<\/style>\t\t\t\t\t\t\t\t\t\t<img fetchpriority=\"high\" width=\"700\" height=\"467\" src=\"https:\/\/www.perez-poch.org\/wp-content\/uploads\/2021\/09\/Equip-investigacio-Dexeus-UPC-web.jpg\" class=\"attachment-large size-large wp-image-2412\" alt=\"\" srcset=\"https:\/\/www.perez-poch.org\/wp-content\/uploads\/2021\/09\/Equip-investigacio-Dexeus-UPC-web.jpg 700w, https:\/\/www.perez-poch.org\/wp-content\/uploads\/2021\/09\/Equip-investigacio-Dexeus-UPC-web-300x200.jpg 300w\" sizes=\"(max-width: 700px) 100vw, 700px\" \/>\t\t\t\t\t\t\t\t\t\t\t\t\t<\/div>\n\t\t\t\t<\/div>\n\t\t\t\t<div class=\"elementor-element elementor-element-35d494f elementor-widget elementor-widget-text-editor\" data-id=\"35d494f\" data-element_type=\"widget\" data-widget_type=\"text-editor.default\">\n\t\t\t\t<div class=\"elementor-widget-container\">\n\t\t\t\t\t\t\t<p>El equipo de investigadores de Dexeus Mujer y la UPC frente a la peque\u00f1a aeronave acrob\u00e1tica utilizada para realizar el estudio<\/p>\n\t\t\t\t\t\t<\/div>\n\t\t\t\t<\/div>\n\t\t\t\t<div class=\"elementor-element elementor-element-0b94594 elementor-widget elementor-widget-heading\" data-id=\"0b94594\" data-element_type=\"widget\" data-widget_type=\"heading.default\">\n\t\t\t\t<div class=\"elementor-widget-container\">\n\t\t\t<h4 class=\"elementor-heading-title elementor-size-default\">Desaf\u00edo Barcelona Zero-G<\/h4>\t\t<\/div>\n\t\t\t\t<\/div>\n\t\t\t\t<section class=\"elementor-section elementor-inner-section elementor-element elementor-element-57a173b elementor-section-boxed elementor-section-height-default elementor-section-height-default\" data-id=\"57a173b\" data-element_type=\"section\">\n\t\t\t\t\t\t<div class=\"elementor-container elementor-column-gap-default\">\n\t\t\t\t\t<div class=\"elementor-column elementor-col-50 elementor-inner-column elementor-element elementor-element-2c5e350\" data-id=\"2c5e350\" data-element_type=\"column\">\n\t\t\t<div class=\"elementor-widget-wrap elementor-element-populated\">\n\t\t\t\t\t\t<div class=\"elementor-element elementor-element-5b71e3e elementor-widget elementor-widget-text-editor\" data-id=\"5b71e3e\" data-element_type=\"widget\" data-widget_type=\"text-editor.default\">\n\t\t\t\t<div class=\"elementor-widget-container\">\n\t\t\t\t\t\t\t<p>Somos pioneros en el mundo en el uso de aviones acrob\u00e1ticos monomotores para realizar vuelos parab\u00f3licos en cooperaci\u00f3n con<a href=\"https:\/\/aeroclub.es\/\" target=\"_blank\" rel=\"noopener\"> Aeroclub Barcelona-Sabadell<\/a> . <\/p>\n<p>Esto nos permite producir per\u00edodos cortos (5-8,5 segundos) de microgravedad, las llamadas par\u00e1bolas, en las que se pueden realizar experimentos f\u00edsicos y de ciencias de la vida, a un costo razonable.<\/p>\n<p>Consulte nuestra Secci\u00f3n de divulgaci\u00f3n para conocer las oportunidades de realizar su experimento en microgravedad en un entorno \u00fanico. \u00a1Puede que sea la primera vez que se adentra en el fascinante mundo de la investigaci\u00f3n espacial!<a href=\"http:\/\/window2theuniverse.org\"> window2theuniverse.org<\/a> <\/p><\/p>\n\t\t\t\t\t\t<\/div>\n\t\t\t\t<\/div>\n\t\t\t\t\t<\/div>\n\t\t<\/div>\n\t\t\t\t<div class=\"elementor-column elementor-col-50 elementor-inner-column elementor-element elementor-element-b5330df\" data-id=\"b5330df\" data-element_type=\"column\">\n\t\t\t<div class=\"elementor-widget-wrap elementor-element-populated\">\n\t\t\t\t\t\t<div class=\"elementor-element elementor-element-219b9a2 elementor-widget elementor-widget-video\" data-id=\"219b9a2\" data-element_type=\"widget\" data-settings=\"{&quot;youtube_url&quot;:&quot;https:\\\/\\\/www.youtube.com\\\/watch?v=dOkNY9N4OVo&amp;t=13s&quot;,&quot;video_type&quot;:&quot;youtube&quot;,&quot;controls&quot;:&quot;yes&quot;}\" data-widget_type=\"video.default\">\n\t\t\t\t<div class=\"elementor-widget-container\">\n\t\t\t<style>\/*! elementor - v3.23.0 - 05-08-2024 *\/\n.elementor-widget-video .elementor-widget-container{overflow:hidden;transform:translateZ(0)}.elementor-widget-video .elementor-wrapper{aspect-ratio:var(--video-aspect-ratio)}.elementor-widget-video .elementor-wrapper iframe,.elementor-widget-video .elementor-wrapper video{height:100%;width:100%;display:flex;border:none;background-color:#000}@supports not (aspect-ratio:1\/1){.elementor-widget-video .elementor-wrapper{position:relative;overflow:hidden;height:0;padding-bottom:calc(100% \/ var(--video-aspect-ratio))}.elementor-widget-video .elementor-wrapper iframe,.elementor-widget-video .elementor-wrapper video{position:absolute;top:0;right:0;bottom:0;left:0}}.elementor-widget-video .elementor-open-inline .elementor-custom-embed-image-overlay{position:absolute;top:0;right:0;bottom:0;left:0;background-size:cover;background-position:50%}.elementor-widget-video .elementor-custom-embed-image-overlay{cursor:pointer;text-align:center}.elementor-widget-video .elementor-custom-embed-image-overlay:hover .elementor-custom-embed-play i{opacity:1}.elementor-widget-video .elementor-custom-embed-image-overlay img{display:block;width:100%;aspect-ratio:var(--video-aspect-ratio);-o-object-fit:cover;object-fit:cover;-o-object-position:center center;object-position:center center}@supports not (aspect-ratio:1\/1){.elementor-widget-video .elementor-custom-embed-image-overlay{position:relative;overflow:hidden;height:0;padding-bottom:calc(100% \/ var(--video-aspect-ratio))}.elementor-widget-video .elementor-custom-embed-image-overlay img{position:absolute;top:0;right:0;bottom:0;left:0}}.elementor-widget-video .e-hosted-video .elementor-video{-o-object-fit:cover;object-fit:cover}.e-con-inner>.elementor-widget-video,.e-con>.elementor-widget-video{width:var(--container-widget-width);--flex-grow:var(--container-widget-flex-grow)}<\/style>\t\t<div class=\"elementor-wrapper elementor-open-inline\">\n\t\t\t<div class=\"elementor-video\"><\/div>\t\t<\/div>\n\t\t\t\t<\/div>\n\t\t\t\t<\/div>\n\t\t\t\t\t<\/div>\n\t\t<\/div>\n\t\t\t\t\t<\/div>\n\t\t<\/section>\n\t\t\t\t\t<\/div>\n\t\t<\/div>\n\t\t\t\t\t<\/div>\n\t\t<\/section>\n\t\t\t\t<section class=\"elementor-section elementor-top-section elementor-element elementor-element-7129192 elementor-section-boxed elementor-section-height-default elementor-section-height-default\" data-id=\"7129192\" data-element_type=\"section\">\n\t\t\t\t\t\t<div class=\"elementor-container elementor-column-gap-default\">\n\t\t\t\t\t<div class=\"elementor-column elementor-col-100 elementor-top-column elementor-element elementor-element-8b25c4a\" data-id=\"8b25c4a\" data-element_type=\"column\">\n\t\t\t<div class=\"elementor-widget-wrap elementor-element-populated\">\n\t\t\t\t\t\t<div class=\"elementor-element elementor-element-5f8aca2 elementor-widget-divider--view-line elementor-widget elementor-widget-divider\" data-id=\"5f8aca2\" data-element_type=\"widget\" data-widget_type=\"divider.default\">\n\t\t\t\t<div class=\"elementor-widget-container\">\n\t\t\t<style>\/*! elementor - v3.23.0 - 05-08-2024 *\/\n.elementor-widget-divider{--divider-border-style:none;--divider-border-width:1px;--divider-color:#0c0d0e;--divider-icon-size:20px;--divider-element-spacing:10px;--divider-pattern-height:24px;--divider-pattern-size:20px;--divider-pattern-url:none;--divider-pattern-repeat:repeat-x}.elementor-widget-divider .elementor-divider{display:flex}.elementor-widget-divider .elementor-divider__text{font-size:15px;line-height:1;max-width:95%}.elementor-widget-divider .elementor-divider__element{margin:0 var(--divider-element-spacing);flex-shrink:0}.elementor-widget-divider .elementor-icon{font-size:var(--divider-icon-size)}.elementor-widget-divider .elementor-divider-separator{display:flex;margin:0;direction:ltr}.elementor-widget-divider--view-line_icon .elementor-divider-separator,.elementor-widget-divider--view-line_text .elementor-divider-separator{align-items:center}.elementor-widget-divider--view-line_icon .elementor-divider-separator:after,.elementor-widget-divider--view-line_icon .elementor-divider-separator:before,.elementor-widget-divider--view-line_text .elementor-divider-separator:after,.elementor-widget-divider--view-line_text .elementor-divider-separator:before{display:block;content:\"\";border-block-end:0;flex-grow:1;border-block-start:var(--divider-border-width) var(--divider-border-style) var(--divider-color)}.elementor-widget-divider--element-align-left .elementor-divider .elementor-divider-separator>.elementor-divider__svg:first-of-type{flex-grow:0;flex-shrink:100}.elementor-widget-divider--element-align-left .elementor-divider-separator:before{content:none}.elementor-widget-divider--element-align-left .elementor-divider__element{margin-left:0}.elementor-widget-divider--element-align-right .elementor-divider .elementor-divider-separator>.elementor-divider__svg:last-of-type{flex-grow:0;flex-shrink:100}.elementor-widget-divider--element-align-right .elementor-divider-separator:after{content:none}.elementor-widget-divider--element-align-right .elementor-divider__element{margin-right:0}.elementor-widget-divider--element-align-start .elementor-divider .elementor-divider-separator>.elementor-divider__svg:first-of-type{flex-grow:0;flex-shrink:100}.elementor-widget-divider--element-align-start .elementor-divider-separator:before{content:none}.elementor-widget-divider--element-align-start .elementor-divider__element{margin-inline-start:0}.elementor-widget-divider--element-align-end .elementor-divider .elementor-divider-separator>.elementor-divider__svg:last-of-type{flex-grow:0;flex-shrink:100}.elementor-widget-divider--element-align-end .elementor-divider-separator:after{content:none}.elementor-widget-divider--element-align-end .elementor-divider__element{margin-inline-end:0}.elementor-widget-divider:not(.elementor-widget-divider--view-line_text):not(.elementor-widget-divider--view-line_icon) .elementor-divider-separator{border-block-start:var(--divider-border-width) var(--divider-border-style) var(--divider-color)}.elementor-widget-divider--separator-type-pattern{--divider-border-style:none}.elementor-widget-divider--separator-type-pattern.elementor-widget-divider--view-line .elementor-divider-separator,.elementor-widget-divider--separator-type-pattern:not(.elementor-widget-divider--view-line) .elementor-divider-separator:after,.elementor-widget-divider--separator-type-pattern:not(.elementor-widget-divider--view-line) .elementor-divider-separator:before,.elementor-widget-divider--separator-type-pattern:not([class*=elementor-widget-divider--view]) .elementor-divider-separator{width:100%;min-height:var(--divider-pattern-height);-webkit-mask-size:var(--divider-pattern-size) 100%;mask-size:var(--divider-pattern-size) 100%;-webkit-mask-repeat:var(--divider-pattern-repeat);mask-repeat:var(--divider-pattern-repeat);background-color:var(--divider-color);-webkit-mask-image:var(--divider-pattern-url);mask-image:var(--divider-pattern-url)}.elementor-widget-divider--no-spacing{--divider-pattern-size:auto}.elementor-widget-divider--bg-round{--divider-pattern-repeat:round}.rtl .elementor-widget-divider .elementor-divider__text{direction:rtl}.e-con-inner>.elementor-widget-divider,.e-con>.elementor-widget-divider{width:var(--container-widget-width,100%);--flex-grow:var(--container-widget-flex-grow)}<\/style>\t\t<div class=\"elementor-divider\">\n\t\t\t<span class=\"elementor-divider-separator\">\n\t\t\t\t\t\t<\/span>\n\t\t<\/div>\n\t\t\t\t<\/div>\n\t\t\t\t<\/div>\n\t\t\t\t<div class=\"elementor-element elementor-element-54e6b47 elementor-widget elementor-widget-heading\" data-id=\"54e6b47\" data-element_type=\"widget\" data-widget_type=\"heading.default\">\n\t\t\t\t<div class=\"elementor-widget-container\">\n\t\t\t<h4 class=\"elementor-heading-title elementor-size-default\">Publicaciones recientes<\/h4>\t\t<\/div>\n\t\t\t\t<\/div>\n\t\t\t\t<div class=\"elementor-element elementor-element-72080ab elementor-widget elementor-widget-text-editor\" data-id=\"72080ab\" data-element_type=\"widget\" data-widget_type=\"text-editor.default\">\n\t\t\t\t<div class=\"elementor-widget-container\">\n\t\t\t\t\t\t\t<p>1. Boada, M.; <strong>Perez-Poch, A<\/strong>.; Balester M.,; Garc\u00eda-Moncl\u00fas S., Gonz\u00e1lez D.V.; Garc\u00eda S.,; Barri P.N.; Veiga A. <b>Microgravity effects on frozen human sperm samples. <\/b><i>Journal of Assisted Reproduction and Genetics. <\/i>&lt;<a href=\"https:\/\/doi.org\/10.1007\/s10815-020-01877-5\">https:\/\/doi.org\/10.1007\/s10815-020-01877-5<\/a>&gt;, Q1, Impact factor = 2.34.<\/p>\n\t\t\t\t\t\t<\/div>\n\t\t\t\t<\/div>\n\t\t\t\t<div class=\"elementor-element elementor-element-a3b4a3a elementor-widget elementor-widget-text-editor\" data-id=\"a3b4a3a\" data-element_type=\"widget\" data-widget_type=\"text-editor.default\">\n\t\t\t\t<div class=\"elementor-widget-container\">\n\t\t\t\t\t\t\t<p>2. Boada, M.; <b>Perez-Poch, A<\/b>.; Ballester, M.;Garcia, S.; Ventura, D.; Rodr\u00edguez, I.; Barri, P.; Veiga , A.  <b>Effect of <\/b><b>microgravity on frozen human sperm samples. Can they be sent to space?. <\/b><i>Human R<\/i><span lang=\"ca\"><i>eproduction<\/i>. 2019. Volume: 34. Number: Supplement_1. pp.: P-434:i511. &lt;<a href=\"https:\/\/doi.org\/10.1093\/humrep\/34.Supplement_1.1\" target=\"_blank\" rel=\"noopener\">https:\/\/doi.org\/10.1093\/humrep\/34.Supplement_1.1<\/a>&gt;, 1st decil, Q1, Impact factor = 5.5.<\/span><\/p>\n\t\t\t\t\t\t<\/div>\n\t\t\t\t<\/div>\n\t\t\t\t<div class=\"elementor-element elementor-element-b9b6a53 elementor-widget elementor-widget-text-editor\" data-id=\"b9b6a53\" data-element_type=\"widget\" data-widget_type=\"text-editor.default\">\n\t\t\t\t<div class=\"elementor-widget-container\">\n\t\t\t\t\t\t\t<p>3. Ruiz, X.; Dubert, D.; Gavald\u00e0, J.; <strong>Perez-Poch, A<\/strong>.; Dom\u00e8nech-Vadillo, E.; Pascual, V. <strong>Brain activity changes on healthy adults during variable-g maneuvers. <\/strong><em>International journal of psychophysiology<\/em>. 2016. Volume: 108. pp.: 77 ~ 77. &lt;<a target=\"blank\" href=\"https:\/\/doi.org\/10.1016\/j.ijpsycho.2016.07.248\">https:\/\/doi.org\/10.1016\/j.ijpsycho.2016.07.248<\/a>&gt;, Q2, Impact Factor = 2.58.<\/p>\n\t\t\t\t\t\t<\/div>\n\t\t\t\t<\/div>\n\t\t\t\t<div class=\"elementor-element elementor-element-794a78a elementor-widget elementor-widget-text-editor\" data-id=\"794a78a\" data-element_type=\"widget\" data-widget_type=\"text-editor.default\">\n\t\t\t\t<div class=\"elementor-widget-container\">\n\t\t\t\t\t\t\t<p>4. <strong>Perez-Poch, A<\/strong>.; Ventura, D.; Lopez, D. <strong>Hypogravity research and educational parabolic flight activities conducted in Barcelona: a new hub of innovation in Europe. <\/strong><em>Microgravity science and technology<\/em>. 2016. Volume: 28. Number: 6. pp.: 603 ~ 609. &lt;<a target=\"blank\" href=\"https:\/\/doi.org\/10.1007\/s12217-016-9516-7\">https:\/\/doi.org\/10.1007\/s12217-016-9516-7<\/a>&gt;, Q2, Impact Factor = 0.90.<\/p>\n\t\t\t\t\t\t<\/div>\n\t\t\t\t<\/div>\n\t\t\t\t<div class=\"elementor-element elementor-element-91e3dec elementor-widget elementor-widget-text-editor\" data-id=\"91e3dec\" data-element_type=\"widget\" data-widget_type=\"text-editor.default\">\n\t\t\t\t<div class=\"elementor-widget-container\">\n\t\t\t\t\t\t\t<p>5. Brigos, M.; <strong>Perez-Poch, A.<\/strong>; Alpiste, F.; Jordi Torner; Ventura, D. <strong>Parabolic flights with single-engine aerobatic aircraft: flight profile and a computer simulator for its optimization. <\/strong><em>Microgravity science and technology<\/em>. 2014. Volume: 26. Number: 4. pp.: 229 ~ 239. &lt;<a target=\"blank\" href=\"https:\/\/doi.org\/10.1007\/s12217-014-9382-0\">https:\/\/doi.org\/10.1007\/s12217-014-9382-0<\/a>&gt;, Q2, Impact Factor = 0.91.<\/p>\n\t\t\t\t\t\t<\/div>\n\t\t\t\t<\/div>\n\t\t\t\t<div class=\"elementor-element elementor-element-14166c5 elementor-widget elementor-widget-text-editor\" data-id=\"14166c5\" data-element_type=\"widget\" data-widget_type=\"text-editor.default\">\n\t\t\t\t<div class=\"elementor-widget-container\">\n\t\t\t\t\t\t\t<p>6. Osborne, J.; Alonsop\u00e9rez, M.; Ferrer, D.; Goswami, N.; Ventura, D.; Moser, M.; Grote, V.; Garc\u00eda-Cuadrado, G.; Perez-Poch, A. <strong>Effect of mental arithmetic on heart rate responses during parabolic flights: The Barcelona Zero-G Challenge. <\/strong><em>Microgravity science and technology<\/em>. 2014. Volume: 26. Number: 1. pp.: 11 ~ 16. &lt;<a target=\"blank\" href=\"https:\/\/doi.org\/10.1007\/s12217-014-9365-1\">https:\/\/doi.org\/10.1007\/s12217-014-9365-1<\/a>&gt;, Q2, Impact Factor = 0.91.<\/p>\n\t\t\t\t\t\t<\/div>\n\t\t\t\t<\/div>\n\t\t\t\t\t<\/div>\n\t\t<\/div>\n\t\t\t\t\t<\/div>\n\t\t<\/section>\n\t\t\t\t<\/div>\n\t\t","protected":false},"excerpt":{"rendered":"<p>Microgravedad Fisiolog\u00eda humana en el Espacio Investigamos c\u00f3mo la microgravedad afecta a la fisiolog\u00eda humana. El Dr. Perez-Poch se gradu\u00f3 de la Universidad Internacional del Espacio\u00a0en el Programa SSP09 celebrado en el Centro de Investigaci\u00f3n Ames de la NASA . Es piloto privado (PPL-A) de la Escuela de vuelo de Barcelona . En un estudio [&hellip;]<\/p>\n","protected":false},"author":1,"featured_media":0,"parent":0,"menu_order":0,"comment_status":"closed","ping_status":"closed","template":"elementor_header_footer","meta":[],"_links":{"self":[{"href":"https:\/\/www.perez-poch.org\/es\/wp-json\/wp\/v2\/pages\/2573"}],"collection":[{"href":"https:\/\/www.perez-poch.org\/es\/wp-json\/wp\/v2\/pages"}],"about":[{"href":"https:\/\/www.perez-poch.org\/es\/wp-json\/wp\/v2\/types\/page"}],"author":[{"embeddable":true,"href":"https:\/\/www.perez-poch.org\/es\/wp-json\/wp\/v2\/users\/1"}],"replies":[{"embeddable":true,"href":"https:\/\/www.perez-poch.org\/es\/wp-json\/wp\/v2\/comments?post=2573"}],"version-history":[{"count":20,"href":"https:\/\/www.perez-poch.org\/es\/wp-json\/wp\/v2\/pages\/2573\/revisions"}],"predecessor-version":[{"id":2875,"href":"https:\/\/www.perez-poch.org\/es\/wp-json\/wp\/v2\/pages\/2573\/revisions\/2875"}],"wp:attachment":[{"href":"https:\/\/www.perez-poch.org\/es\/wp-json\/wp\/v2\/media?parent=2573"}],"curies":[{"name":"wp","href":"https:\/\/api.w.org\/{rel}","templated":true}]}}