{"id":2531,"date":"2021-09-20T04:40:01","date_gmt":"2021-09-20T02:40:01","guid":{"rendered":"https:\/\/www.perez-poch.org\/nuestros-valores-2\/"},"modified":"2021-09-21T19:27:33","modified_gmt":"2021-09-21T17:27:33","slug":"nuestros-valores","status":"publish","type":"page","link":"https:\/\/www.perez-poch.org\/es\/nuestros-valores\/","title":{"rendered":"Valores"},"content":{"rendered":"\t\t<div data-elementor-type=\"wp-page\" data-elementor-id=\"2531\" class=\"elementor elementor-2531 elementor-1549\">\n\t\t\t\t\t\t<section class=\"elementor-section elementor-top-section elementor-element elementor-element-12a0ec9 elementor-section-boxed elementor-section-height-default elementor-section-height-default\" data-id=\"12a0ec9\" data-element_type=\"section\">\n\t\t\t\t\t\t<div class=\"elementor-container elementor-column-gap-default\">\n\t\t\t\t\t<div class=\"elementor-column elementor-col-100 elementor-top-column elementor-element elementor-element-037af5f\" data-id=\"037af5f\" data-element_type=\"column\">\n\t\t\t<div class=\"elementor-widget-wrap elementor-element-populated\">\n\t\t\t\t\t\t<div class=\"elementor-element elementor-element-9f1838e elementor-widget elementor-widget-heading\" data-id=\"9f1838e\" data-element_type=\"widget\" data-widget_type=\"heading.default\">\n\t\t\t\t<div class=\"elementor-widget-container\">\n\t\t\t<style>\/*! elementor - v3.23.0 - 05-08-2024 *\/\n.elementor-heading-title{padding:0;margin:0;line-height:1}.elementor-widget-heading .elementor-heading-title[class*=elementor-size-]>a{color:inherit;font-size:inherit;line-height:inherit}.elementor-widget-heading .elementor-heading-title.elementor-size-small{font-size:15px}.elementor-widget-heading .elementor-heading-title.elementor-size-medium{font-size:19px}.elementor-widget-heading .elementor-heading-title.elementor-size-large{font-size:29px}.elementor-widget-heading .elementor-heading-title.elementor-size-xl{font-size:39px}.elementor-widget-heading .elementor-heading-title.elementor-size-xxl{font-size:59px}<\/style><h2 class=\"elementor-heading-title elementor-size-default\">Nuestros Valores<\/h2>\t\t<\/div>\n\t\t\t\t<\/div>\n\t\t\t\t\t<\/div>\n\t\t<\/div>\n\t\t\t\t\t<\/div>\n\t\t<\/section>\n\t\t\t\t<section class=\"elementor-section elementor-top-section elementor-element elementor-element-b53c543 elementor-section-boxed elementor-section-height-default elementor-section-height-default\" data-id=\"b53c543\" data-element_type=\"section\">\n\t\t\t\t\t\t<div class=\"elementor-container elementor-column-gap-default\">\n\t\t\t\t\t<div class=\"elementor-column elementor-col-100 elementor-top-column elementor-element elementor-element-f2435e5\" data-id=\"f2435e5\" data-element_type=\"column\">\n\t\t\t<div class=\"elementor-widget-wrap elementor-element-populated\">\n\t\t\t\t\t\t<div class=\"elementor-element elementor-element-323e57b elementor-widget elementor-widget-heading\" data-id=\"323e57b\" data-element_type=\"widget\" data-widget_type=\"heading.default\">\n\t\t\t\t<div class=\"elementor-widget-container\">\n\t\t\t<h4 class=\"elementor-heading-title elementor-size-default\">Nuestra Misi\u00f3n<\/h4>\t\t<\/div>\n\t\t\t\t<\/div>\n\t\t\t\t<div class=\"elementor-element elementor-element-ee37613 elementor-widget elementor-widget-text-editor\" data-id=\"ee37613\" data-element_type=\"widget\" data-widget_type=\"text-editor.default\">\n\t\t\t\t<div class=\"elementor-widget-container\">\n\t\t\t<style>\/*! elementor - v3.23.0 - 05-08-2024 *\/\n.elementor-widget-text-editor.elementor-drop-cap-view-stacked .elementor-drop-cap{background-color:#69727d;color:#fff}.elementor-widget-text-editor.elementor-drop-cap-view-framed .elementor-drop-cap{color:#69727d;border:3px solid;background-color:transparent}.elementor-widget-text-editor:not(.elementor-drop-cap-view-default) .elementor-drop-cap{margin-top:8px}.elementor-widget-text-editor:not(.elementor-drop-cap-view-default) .elementor-drop-cap-letter{width:1em;height:1em}.elementor-widget-text-editor .elementor-drop-cap{float:left;text-align:center;line-height:1;font-size:50px}.elementor-widget-text-editor .elementor-drop-cap-letter{display:inline-block}<\/style>\t\t\t\t<p>&#8230; es proporcionar un entorno agradable para liderar la investigaci\u00f3n y el aprendizaje eficaz. Con un enfoque multidisciplinario, nuestro objetivo es acoger la inclusi\u00f3n, la diversidad y la equidad como valores clave para fomentar el desarrollo personal de tod@s. Creemos que la educaci\u00f3n superior debe ser un lugar no solo para crear y proporcionar nuevos conocimientos de calidad, sino tambi\u00e9n un activo integral de la sociedad humana actual, donde sus ciudadanos pueden desarrollar libremente sus habilidades.<\/p><p><span style=\"color: var( --e-global-color-text ); font-family: var( --e-global-typography-text-font-family ), Sans-serif; font-size: var( --e-global-typography-text-font-size ); font-weight: var( --e-global-typography-text-font-weight );\"><strong>Los valores de nuestro laboratorio son de suma importancia. Estamos plenamente comprometidos con la creaci\u00f3n de un grupo de investigaci\u00f3n l\u00edder que incorpore la inclusi\u00f3n, la diversidad y la creatividad como recursos clave para mejorar la ciencia.<\/strong>.<strong>\u00a0Tus modales te llevar\u00e1n donde tu cerebro y tu dinero no lo har\u00e1n.<\/strong> <\/span><\/p>\t\t\t\t\t\t<\/div>\n\t\t\t\t<\/div>\n\t\t\t\t\t<\/div>\n\t\t<\/div>\n\t\t\t\t\t<\/div>\n\t\t<\/section>\n\t\t\t\t<section class=\"elementor-section elementor-top-section elementor-element elementor-element-ff0a5aa elementor-section-boxed elementor-section-height-default elementor-section-height-default\" data-id=\"ff0a5aa\" data-element_type=\"section\">\n\t\t\t\t\t\t<div class=\"elementor-container elementor-column-gap-default\">\n\t\t\t\t\t<div class=\"elementor-column elementor-col-50 elementor-top-column elementor-element elementor-element-f295c1b\" data-id=\"f295c1b\" data-element_type=\"column\">\n\t\t\t<div class=\"elementor-widget-wrap elementor-element-populated\">\n\t\t\t\t\t\t<div class=\"elementor-element elementor-element-4598622 elementor-widget elementor-widget-text-editor\" data-id=\"4598622\" data-element_type=\"widget\" data-widget_type=\"text-editor.default\">\n\t\t\t\t<div class=\"elementor-widget-container\">\n\t\t\t\t\t\t\t<p><a href=\"https:\/\/www.nasa.gov\/offices\/education\/leadership\/d_James_bioOLD.html\">Donald<\/a><strong><a href=\"https:\/\/www.nasa.gov\/offices\/education\/leadership\/d_James_bioOLD.html\"> G. James<\/a><\/strong> fue nombrado Administrador Asociado de la Oficina de Educaci\u00f3n de la NASA desde 2014.<\/p><p>En esta posici\u00f3n, James fue responsable de desarrollar e implementar los programas de<a href=\"https:\/\/www.nasa.gov\/stem\/about.html\">\u00a0Educaci\u00f3n de la NASA<\/a>\u00a0que fortalecen la participaci\u00f3n de los estudiantes y la conciencia p\u00fablica sobre sus objetivos y misiones cient\u00edficas. En este cargo, lider\u00f3 la agencia para inspirar inter\u00e9s en ciencia, tecnolog\u00eda, ingenier\u00eda y matem\u00e1ticas, lo que se conoce como<strong> Estudios STEM<\/strong> .<\/p><p>Conoc\u00ed a Donald como participante de<a href=\"https:\/\/www.nasa.gov\/centers\/ames\/ISU\/ISU_mars.html\"> Programa del posgrado ISU SSP09 en el Centro de investigaci\u00f3n Ames de la NASA<\/a> (California, EE. UU.) donde James fue su Director de Educaci\u00f3n. Lo identifiqu\u00e9 con entusiasmo como un modelo a seguir como profesional del espacio y como persona. Humilde, pero muy exitoso a la hora de reunir a las personas en un contexto muy complejo y multinacional. Incluso nos ayud\u00f3 a encontrar la manera de asistir a un partido de f\u00fatbol del<a href=\"http:\/\/www.fcbarcelona.com\/en\">\u00a0FC Barcelona<\/a>\u00a0 en el<a href=\"https:\/\/www.levisstadium.com\/\"> Estadio de los San Francisco 49ers<\/a>\u00a0.<\/p><p>Su lema<a href=\"https:\/\/donaldgregoryjames.com\/the-book\"> \u00abTus modales te llevar\u00e1n donde tu cerebro y tu dinero no lo har\u00e1n\u00bb<\/a> resume su experiencia de m\u00e1s de 36 a\u00f1os en la NASA superando muchos obst\u00e1culos. Tengo entendido que para Donald,\u00a0<strong>\u00abModales\u00bb<\/strong> es una palabra que expresa la importancia de los<strong> Valores<\/strong>\u00a0para lograr los objetivos profesionales de cada uno de una manera civilizada y amigable con sus colegas.<\/p>\t\t\t\t\t\t<\/div>\n\t\t\t\t<\/div>\n\t\t\t\t\t<\/div>\n\t\t<\/div>\n\t\t\t\t<div class=\"elementor-column elementor-col-50 elementor-top-column elementor-element elementor-element-c667679\" data-id=\"c667679\" data-element_type=\"column\">\n\t\t\t<div class=\"elementor-widget-wrap elementor-element-populated\">\n\t\t\t\t\t\t<div class=\"elementor-element elementor-element-3bbfa81 elementor-widget elementor-widget-image\" data-id=\"3bbfa81\" data-element_type=\"widget\" data-widget_type=\"image.default\">\n\t\t\t\t<div class=\"elementor-widget-container\">\n\t\t\t<style>\/*! elementor - v3.23.0 - 05-08-2024 *\/\n.elementor-widget-image{text-align:center}.elementor-widget-image a{display:inline-block}.elementor-widget-image a img[src$=\".svg\"]{width:48px}.elementor-widget-image img{vertical-align:middle;display:inline-block}<\/style>\t\t\t\t\t\t\t\t\t\t<img fetchpriority=\"high\" width=\"259\" height=\"400\" src=\"https:\/\/www.perez-poch.org\/wp-content\/uploads\/2021\/09\/manners.jpg\" class=\"attachment-large size-large wp-image-2442\" alt=\"\" srcset=\"https:\/\/www.perez-poch.org\/wp-content\/uploads\/2021\/09\/manners.jpg 259w, https:\/\/www.perez-poch.org\/wp-content\/uploads\/2021\/09\/manners-194x300.jpg 194w\" sizes=\"(max-width: 259px) 100vw, 259px\" \/>\t\t\t\t\t\t\t\t\t\t\t\t\t<\/div>\n\t\t\t\t<\/div>\n\t\t\t\t\t<\/div>\n\t\t<\/div>\n\t\t\t\t\t<\/div>\n\t\t<\/section>\n\t\t\t\t<section class=\"elementor-section elementor-top-section elementor-element elementor-element-7129192 elementor-section-boxed elementor-section-height-default elementor-section-height-default\" data-id=\"7129192\" data-element_type=\"section\">\n\t\t\t\t\t\t<div class=\"elementor-container elementor-column-gap-default\">\n\t\t\t\t\t<div class=\"elementor-column elementor-col-100 elementor-top-column elementor-element elementor-element-8b25c4a\" data-id=\"8b25c4a\" data-element_type=\"column\">\n\t\t\t<div class=\"elementor-widget-wrap elementor-element-populated\">\n\t\t\t\t\t\t<div class=\"elementor-element elementor-element-5f8aca2 elementor-widget-divider--view-line elementor-widget elementor-widget-divider\" data-id=\"5f8aca2\" data-element_type=\"widget\" data-widget_type=\"divider.default\">\n\t\t\t\t<div class=\"elementor-widget-container\">\n\t\t\t<style>\/*! elementor - v3.23.0 - 05-08-2024 *\/\n.elementor-widget-divider{--divider-border-style:none;--divider-border-width:1px;--divider-color:#0c0d0e;--divider-icon-size:20px;--divider-element-spacing:10px;--divider-pattern-height:24px;--divider-pattern-size:20px;--divider-pattern-url:none;--divider-pattern-repeat:repeat-x}.elementor-widget-divider .elementor-divider{display:flex}.elementor-widget-divider .elementor-divider__text{font-size:15px;line-height:1;max-width:95%}.elementor-widget-divider .elementor-divider__element{margin:0 var(--divider-element-spacing);flex-shrink:0}.elementor-widget-divider .elementor-icon{font-size:var(--divider-icon-size)}.elementor-widget-divider .elementor-divider-separator{display:flex;margin:0;direction:ltr}.elementor-widget-divider--view-line_icon .elementor-divider-separator,.elementor-widget-divider--view-line_text .elementor-divider-separator{align-items:center}.elementor-widget-divider--view-line_icon .elementor-divider-separator:after,.elementor-widget-divider--view-line_icon .elementor-divider-separator:before,.elementor-widget-divider--view-line_text .elementor-divider-separator:after,.elementor-widget-divider--view-line_text .elementor-divider-separator:before{display:block;content:\"\";border-block-end:0;flex-grow:1;border-block-start:var(--divider-border-width) var(--divider-border-style) var(--divider-color)}.elementor-widget-divider--element-align-left .elementor-divider .elementor-divider-separator>.elementor-divider__svg:first-of-type{flex-grow:0;flex-shrink:100}.elementor-widget-divider--element-align-left .elementor-divider-separator:before{content:none}.elementor-widget-divider--element-align-left .elementor-divider__element{margin-left:0}.elementor-widget-divider--element-align-right .elementor-divider .elementor-divider-separator>.elementor-divider__svg:last-of-type{flex-grow:0;flex-shrink:100}.elementor-widget-divider--element-align-right .elementor-divider-separator:after{content:none}.elementor-widget-divider--element-align-right .elementor-divider__element{margin-right:0}.elementor-widget-divider--element-align-start .elementor-divider .elementor-divider-separator>.elementor-divider__svg:first-of-type{flex-grow:0;flex-shrink:100}.elementor-widget-divider--element-align-start .elementor-divider-separator:before{content:none}.elementor-widget-divider--element-align-start .elementor-divider__element{margin-inline-start:0}.elementor-widget-divider--element-align-end .elementor-divider .elementor-divider-separator>.elementor-divider__svg:last-of-type{flex-grow:0;flex-shrink:100}.elementor-widget-divider--element-align-end .elementor-divider-separator:after{content:none}.elementor-widget-divider--element-align-end .elementor-divider__element{margin-inline-end:0}.elementor-widget-divider:not(.elementor-widget-divider--view-line_text):not(.elementor-widget-divider--view-line_icon) .elementor-divider-separator{border-block-start:var(--divider-border-width) var(--divider-border-style) var(--divider-color)}.elementor-widget-divider--separator-type-pattern{--divider-border-style:none}.elementor-widget-divider--separator-type-pattern.elementor-widget-divider--view-line .elementor-divider-separator,.elementor-widget-divider--separator-type-pattern:not(.elementor-widget-divider--view-line) .elementor-divider-separator:after,.elementor-widget-divider--separator-type-pattern:not(.elementor-widget-divider--view-line) .elementor-divider-separator:before,.elementor-widget-divider--separator-type-pattern:not([class*=elementor-widget-divider--view]) .elementor-divider-separator{width:100%;min-height:var(--divider-pattern-height);-webkit-mask-size:var(--divider-pattern-size) 100%;mask-size:var(--divider-pattern-size) 100%;-webkit-mask-repeat:var(--divider-pattern-repeat);mask-repeat:var(--divider-pattern-repeat);background-color:var(--divider-color);-webkit-mask-image:var(--divider-pattern-url);mask-image:var(--divider-pattern-url)}.elementor-widget-divider--no-spacing{--divider-pattern-size:auto}.elementor-widget-divider--bg-round{--divider-pattern-repeat:round}.rtl .elementor-widget-divider .elementor-divider__text{direction:rtl}.e-con-inner>.elementor-widget-divider,.e-con>.elementor-widget-divider{width:var(--container-widget-width,100%);--flex-grow:var(--container-widget-flex-grow)}<\/style>\t\t<div class=\"elementor-divider\">\n\t\t\t<span class=\"elementor-divider-separator\">\n\t\t\t\t\t\t<\/span>\n\t\t<\/div>\n\t\t\t\t<\/div>\n\t\t\t\t<\/div>\n\t\t\t\t<div class=\"elementor-element elementor-element-54e6b47 elementor-widget elementor-widget-heading\" data-id=\"54e6b47\" data-element_type=\"widget\" data-widget_type=\"heading.default\">\n\t\t\t\t<div class=\"elementor-widget-container\">\n\t\t\t<h4 class=\"elementor-heading-title elementor-size-default\">Inclusi\u00f3n, Equidad y Diversidad<\/h4>\t\t<\/div>\n\t\t\t\t<\/div>\n\t\t\t\t<div class=\"elementor-element elementor-element-72080ab elementor-widget elementor-widget-text-editor\" data-id=\"72080ab\" data-element_type=\"widget\" data-widget_type=\"text-editor.default\">\n\t\t\t\t<div class=\"elementor-widget-container\">\n\t\t\t\t\t\t\t<p>Para garantizar que el alumnado que ingresa y se grad\u00faa en las instituciones de educaci\u00f3n superior europeas refleje la diversidad de la poblaci\u00f3n europea, se debe apuntar a la mejora de las tasas de acceso y finalizaci\u00f3n de los grupos desfavorecidos y subrepresentados. Con este fin, las autoridades nacionales y las instituciones de educaci\u00f3n superior deber\u00edan:<\/p><ul><li>Considrar c\u00f3mo se organizan la admisi\u00f3n, la ense\u00f1anza y la evaluaci\u00f3n.<\/li><li>Poner en marcha medidas para orientar a los estudiantes.<\/li><li>Proporcionar apoyo acad\u00e9mico y no acad\u00e9mico<\/li><\/ul>\t\t\t\t\t\t<\/div>\n\t\t\t\t<\/div>\n\t\t\t\t<div class=\"elementor-element elementor-element-a3b4a3a elementor-widget elementor-widget-text-editor\" data-id=\"a3b4a3a\" data-element_type=\"widget\" data-widget_type=\"text-editor.default\">\n\t\t\t\t<div class=\"elementor-widget-container\">\n\t\t\t\t\t\t\t<p><span style=\"color: #333333; font-family: europa, Helvetica, Arial, sans-serif;\">Actualmente trabajamos con el<a href=\"https:\/\/inclusio.upc.edu\/ca\"> Oficina de<em><strong> Inclusi\u00f3n<\/strong><\/em> de la UPC<\/a> proporcionando tutor\u00edas dentro de la UPC y tambi\u00e9n brindando tutor\u00eda en SGAC, el<a href=\"http:\/\/www.spacegeneration.org\"> Consejo Asesor de Generaci\u00f3n Espacial<\/a> red de estudiantes y profesionales del espacio.<\/span><\/p>\n\t\t\t\t\t\t<\/div>\n\t\t\t\t<\/div>\n\t\t\t\t<div class=\"elementor-element elementor-element-b6341b4 elementor-widget elementor-widget-text-editor\" data-id=\"b6341b4\" data-element_type=\"widget\" data-widget_type=\"text-editor.default\">\n\t\t\t\t<div class=\"elementor-widget-container\">\n\t\t\t\t\t\t\t<p><span style=\"color: #333333; font-family: europa, Helvetica, Arial, sans-serif;\"><b>Equidad\u00a0<\/b>significa crear un acceso justo y oportunidades para todas esas personas diferentes. Se trata de crear un campo de juego justo, para usar una met\u00e1fora familiar.<\/span><\/p>\t\t\t\t\t\t<\/div>\n\t\t\t\t<\/div>\n\t\t\t\t<div class=\"elementor-element elementor-element-b9b6a53 elementor-widget elementor-widget-text-editor\" data-id=\"b9b6a53\" data-element_type=\"widget\" data-widget_type=\"text-editor.default\">\n\t\t\t\t<div class=\"elementor-widget-container\">\n\t\t\t\t\t\t\t<p><span style=\"color: var( --e-global-color-text ); font-family: var( --e-global-typography-text-font-family ), Sans-serif; font-size: var( --e-global-typography-text-font-size ); font-weight: var( --e-global-typography-text-font-weight );\"><em><strong>Diversidad<\/strong><\/em> se refiere a las muchas formas en que las personas difieren. Podemos conceptualizar la diversidad como una encarnaci\u00f3n de la composici\u00f3n de un grupo, probablemente formado por muchos o todos los tipos de diversidad enumerados anteriormente. Es una combinaci\u00f3n de las diversas diferencias representadas.<\/span><\/p>\t\t\t\t\t\t<\/div>\n\t\t\t\t<\/div>\n\t\t\t\t<div class=\"elementor-element elementor-element-ef2202a elementor-widget elementor-widget-heading\" data-id=\"ef2202a\" data-element_type=\"widget\" data-widget_type=\"heading.default\">\n\t\t\t\t<div class=\"elementor-widget-container\">\n\t\t\t<h5 class=\"elementor-heading-title elementor-size-default\">Fomento de la creatividad<\/h5>\t\t<\/div>\n\t\t\t\t<\/div>\n\t\t\t\t<div class=\"elementor-element elementor-element-91e3dec elementor-widget elementor-widget-text-editor\" data-id=\"91e3dec\" data-element_type=\"widget\" data-widget_type=\"text-editor.default\">\n\t\t\t\t<div class=\"elementor-widget-container\">\n\t\t\t\t\t\t\t<p>Estamos investigando qu\u00e9 papel<strong> Creatividad<\/strong> juega en Ingenier\u00eda, generalmente minimizado en Educaci\u00f3n Superior. Creemos que este es un activo importante para cualquier investigador.<\/p>\n\t\t\t\t\t\t<\/div>\n\t\t\t\t<\/div>\n\t\t\t\t<div class=\"elementor-element elementor-element-14166c5 elementor-widget elementor-widget-text-editor\" data-id=\"14166c5\" data-element_type=\"widget\" data-widget_type=\"text-editor.default\">\n\t\t\t\t<div class=\"elementor-widget-container\">\n\t\t\t\t\t\t\t<p><em><strong>Creatividad<\/strong><\/em> es la capacidad de crear conexiones entre cosas aparentemente no relacionadas, una caracter\u00edstica inherente de un buen<strong>\u00a0programador<\/strong>.<br \/>En nuestra investigaci\u00f3n (ver el documento n. \u00b0 5 en <strong>Educaci\u00f3n en Ingenier\u00eda)\u00a0<\/strong>hemos descubierto que los estudiantes de primer a\u00f1o de un curso de introducci\u00f3n a la programaci\u00f3n de ingenier\u00eda que son altamente creativos son capaces de adquirir habilidades de programaci\u00f3n complejas.<\/p>\t\t\t\t\t\t<\/div>\n\t\t\t\t<\/div>\n\t\t\t\t<section class=\"elementor-section elementor-inner-section elementor-element elementor-element-78deba1 elementor-section-boxed elementor-section-height-default elementor-section-height-default\" data-id=\"78deba1\" data-element_type=\"section\">\n\t\t\t\t\t\t<div class=\"elementor-container elementor-column-gap-default\">\n\t\t\t\t\t<div class=\"elementor-column elementor-col-50 elementor-inner-column elementor-element elementor-element-c25693a\" data-id=\"c25693a\" data-element_type=\"column\">\n\t\t\t<div class=\"elementor-widget-wrap elementor-element-populated\">\n\t\t\t\t\t\t<div class=\"elementor-element elementor-element-12f5eb6 elementor-widget elementor-widget-image\" data-id=\"12f5eb6\" data-element_type=\"widget\" data-widget_type=\"image.default\">\n\t\t\t\t<div class=\"elementor-widget-container\">\n\t\t\t\t\t\t\t\t\t\t\t\t\t<img width=\"150\" height=\"150\" src=\"https:\/\/www.perez-poch.org\/wp-content\/uploads\/2021\/09\/acompanyament-discapacitats-150x150.png\" class=\"attachment-thumbnail size-thumbnail wp-image-2438\" alt=\"\" srcset=\"https:\/\/www.perez-poch.org\/wp-content\/uploads\/2021\/09\/acompanyament-discapacitats-150x150.png 150w, https:\/\/www.perez-poch.org\/wp-content\/uploads\/2021\/09\/acompanyament-discapacitats.png 256w\" sizes=\"(max-width: 150px) 100vw, 150px\" \/>\t\t\t\t\t\t\t\t\t\t\t\t\t<\/div>\n\t\t\t\t<\/div>\n\t\t\t\t\t<\/div>\n\t\t<\/div>\n\t\t\t\t<div class=\"elementor-column elementor-col-50 elementor-inner-column elementor-element elementor-element-c49dd05\" data-id=\"c49dd05\" data-element_type=\"column\">\n\t\t\t<div class=\"elementor-widget-wrap elementor-element-populated\">\n\t\t\t\t\t\t<div class=\"elementor-element elementor-element-4b44f38 elementor-widget elementor-widget-image\" data-id=\"4b44f38\" data-element_type=\"widget\" data-widget_type=\"image.default\">\n\t\t\t\t<div class=\"elementor-widget-container\">\n\t\t\t\t\t\t\t\t\t\t\t\t\t<img width=\"357\" height=\"141\" src=\"https:\/\/www.perez-poch.org\/wp-content\/uploads\/2021\/09\/sgac.jpg\" class=\"attachment-medium_large size-medium_large wp-image-2436\" alt=\"\" srcset=\"https:\/\/www.perez-poch.org\/wp-content\/uploads\/2021\/09\/sgac.jpg 357w, https:\/\/www.perez-poch.org\/wp-content\/uploads\/2021\/09\/sgac-300x118.jpg 300w\" sizes=\"(max-width: 357px) 100vw, 357px\" \/>\t\t\t\t\t\t\t\t\t\t\t\t\t<\/div>\n\t\t\t\t<\/div>\n\t\t\t\t\t<\/div>\n\t\t<\/div>\n\t\t\t\t\t<\/div>\n\t\t<\/section>\n\t\t\t\t<div class=\"elementor-element elementor-element-fef1a10 elementor-widget elementor-widget-image\" data-id=\"fef1a10\" data-element_type=\"widget\" data-widget_type=\"image.default\">\n\t\t\t\t<div class=\"elementor-widget-container\">\n\t\t\t\t\t\t\t\t\t\t\t\t\t<img loading=\"lazy\" width=\"600\" height=\"338\" src=\"https:\/\/www.perez-poch.org\/wp-content\/uploads\/2021\/09\/Squoosh-DesignWeekPortland-600x338-1.jpg\" class=\"attachment-medium_large size-medium_large wp-image-2434\" alt=\"\" srcset=\"https:\/\/www.perez-poch.org\/wp-content\/uploads\/2021\/09\/Squoosh-DesignWeekPortland-600x338-1.jpg 600w, https:\/\/www.perez-poch.org\/wp-content\/uploads\/2021\/09\/Squoosh-DesignWeekPortland-600x338-1-300x169.jpg 300w\" sizes=\"(max-width: 600px) 100vw, 600px\" \/>\t\t\t\t\t\t\t\t\t\t\t\t\t<\/div>\n\t\t\t\t<\/div>\n\t\t\t\t<div class=\"elementor-element elementor-element-464b95d elementor-widget elementor-widget-text-editor\" data-id=\"464b95d\" data-element_type=\"widget\" data-widget_type=\"text-editor.default\">\n\t\t\t\t<div class=\"elementor-widget-container\">\n\t\t\t\t\t\t\t<p style=\"text-align: center;\">Inclusi\u00f3n por Dise\u00f1. Fuente: \u00abInsights from Design Week\u00bb de Gensler (Portland)<\/p>\t\t\t\t\t\t<\/div>\n\t\t\t\t<\/div>\n\t\t\t\t\t<\/div>\n\t\t<\/div>\n\t\t\t\t\t<\/div>\n\t\t<\/section>\n\t\t\t\t<section class=\"elementor-section elementor-top-section elementor-element elementor-element-f8ea1fe elementor-section-boxed elementor-section-height-default elementor-section-height-default\" data-id=\"f8ea1fe\" data-element_type=\"section\">\n\t\t\t\t\t\t<div class=\"elementor-container elementor-column-gap-default\">\n\t\t\t\t\t<div class=\"elementor-column elementor-col-100 elementor-top-column elementor-element elementor-element-51f86f3\" data-id=\"51f86f3\" data-element_type=\"column\">\n\t\t\t<div class=\"elementor-widget-wrap\">\n\t\t\t\t\t\t\t<\/div>\n\t\t<\/div>\n\t\t\t\t\t<\/div>\n\t\t<\/section>\n\t\t\t\t<\/div>\n\t\t","protected":false},"excerpt":{"rendered":"<p>Nuestros Valores Nuestra Misi\u00f3n &#8230; es proporcionar un entorno agradable para liderar la investigaci\u00f3n y el aprendizaje eficaz. Con un enfoque multidisciplinario, nuestro objetivo es acoger la inclusi\u00f3n, la diversidad y la equidad como valores clave para fomentar el desarrollo personal de tod@s. Creemos que la educaci\u00f3n superior debe ser un lugar no solo para [&hellip;]<\/p>\n","protected":false},"author":1,"featured_media":0,"parent":0,"menu_order":0,"comment_status":"closed","ping_status":"closed","template":"elementor_header_footer","meta":[],"_links":{"self":[{"href":"https:\/\/www.perez-poch.org\/es\/wp-json\/wp\/v2\/pages\/2531"}],"collection":[{"href":"https:\/\/www.perez-poch.org\/es\/wp-json\/wp\/v2\/pages"}],"about":[{"href":"https:\/\/www.perez-poch.org\/es\/wp-json\/wp\/v2\/types\/page"}],"author":[{"embeddable":true,"href":"https:\/\/www.perez-poch.org\/es\/wp-json\/wp\/v2\/users\/1"}],"replies":[{"embeddable":true,"href":"https:\/\/www.perez-poch.org\/es\/wp-json\/wp\/v2\/comments?post=2531"}],"version-history":[{"count":36,"href":"https:\/\/www.perez-poch.org\/es\/wp-json\/wp\/v2\/pages\/2531\/revisions"}],"predecessor-version":[{"id":2964,"href":"https:\/\/www.perez-poch.org\/es\/wp-json\/wp\/v2\/pages\/2531\/revisions\/2964"}],"wp:attachment":[{"href":"https:\/\/www.perez-poch.org\/es\/wp-json\/wp\/v2\/media?parent=2531"}],"curies":[{"name":"wp","href":"https:\/\/api.w.org\/{rel}","templated":true}]}}