{"id":2541,"date":"2021-09-20T04:45:13","date_gmt":"2021-09-20T02:45:13","guid":{"rendered":"https:\/\/www.perez-poch.org\/els-nostres-valors\/"},"modified":"2021-09-20T20:47:55","modified_gmt":"2021-09-20T18:47:55","slug":"els-nostres-valors","status":"publish","type":"page","link":"https:\/\/www.perez-poch.org\/ca\/els-nostres-valors\/","title":{"rendered":"Valors"},"content":{"rendered":"\t\t<div data-elementor-type=\"wp-page\" data-elementor-id=\"2541\" class=\"elementor elementor-2541 elementor-1549\">\n\t\t\t\t\t\t<section class=\"elementor-section elementor-top-section elementor-element elementor-element-12a0ec9 elementor-section-boxed elementor-section-height-default elementor-section-height-default\" data-id=\"12a0ec9\" data-element_type=\"section\">\n\t\t\t\t\t\t<div class=\"elementor-container elementor-column-gap-default\">\n\t\t\t\t\t<div class=\"elementor-column elementor-col-100 elementor-top-column elementor-element elementor-element-037af5f\" data-id=\"037af5f\" data-element_type=\"column\">\n\t\t\t<div class=\"elementor-widget-wrap elementor-element-populated\">\n\t\t\t\t\t\t<div class=\"elementor-element elementor-element-9f1838e elementor-widget elementor-widget-heading\" data-id=\"9f1838e\" data-element_type=\"widget\" data-widget_type=\"heading.default\">\n\t\t\t\t<div class=\"elementor-widget-container\">\n\t\t\t<style>\/*! elementor - v3.23.0 - 05-08-2024 *\/\n.elementor-heading-title{padding:0;margin:0;line-height:1}.elementor-widget-heading .elementor-heading-title[class*=elementor-size-]>a{color:inherit;font-size:inherit;line-height:inherit}.elementor-widget-heading .elementor-heading-title.elementor-size-small{font-size:15px}.elementor-widget-heading .elementor-heading-title.elementor-size-medium{font-size:19px}.elementor-widget-heading .elementor-heading-title.elementor-size-large{font-size:29px}.elementor-widget-heading .elementor-heading-title.elementor-size-xl{font-size:39px}.elementor-widget-heading .elementor-heading-title.elementor-size-xxl{font-size:59px}<\/style><h2 class=\"elementor-heading-title elementor-size-default\">Els nostres valors<\/h2>\t\t<\/div>\n\t\t\t\t<\/div>\n\t\t\t\t\t<\/div>\n\t\t<\/div>\n\t\t\t\t\t<\/div>\n\t\t<\/section>\n\t\t\t\t<section class=\"elementor-section elementor-top-section elementor-element elementor-element-b53c543 elementor-section-boxed elementor-section-height-default elementor-section-height-default\" data-id=\"b53c543\" data-element_type=\"section\">\n\t\t\t\t\t\t<div class=\"elementor-container elementor-column-gap-default\">\n\t\t\t\t\t<div class=\"elementor-column elementor-col-100 elementor-top-column elementor-element elementor-element-f2435e5\" data-id=\"f2435e5\" data-element_type=\"column\">\n\t\t\t<div class=\"elementor-widget-wrap elementor-element-populated\">\n\t\t\t\t\t\t<div class=\"elementor-element elementor-element-323e57b elementor-widget elementor-widget-heading\" data-id=\"323e57b\" data-element_type=\"widget\" data-widget_type=\"heading.default\">\n\t\t\t\t<div class=\"elementor-widget-container\">\n\t\t\t<h4 class=\"elementor-heading-title elementor-size-default\">La nostra missi\u00f3<\/h4>\t\t<\/div>\n\t\t\t\t<\/div>\n\t\t\t\t<div class=\"elementor-element elementor-element-ee37613 elementor-widget elementor-widget-text-editor\" data-id=\"ee37613\" data-element_type=\"widget\" data-widget_type=\"text-editor.default\">\n\t\t\t\t<div class=\"elementor-widget-container\">\n\t\t\t<style>\/*! elementor - v3.23.0 - 05-08-2024 *\/\n.elementor-widget-text-editor.elementor-drop-cap-view-stacked .elementor-drop-cap{background-color:#69727d;color:#fff}.elementor-widget-text-editor.elementor-drop-cap-view-framed .elementor-drop-cap{color:#69727d;border:3px solid;background-color:transparent}.elementor-widget-text-editor:not(.elementor-drop-cap-view-default) .elementor-drop-cap{margin-top:8px}.elementor-widget-text-editor:not(.elementor-drop-cap-view-default) .elementor-drop-cap-letter{width:1em;height:1em}.elementor-widget-text-editor .elementor-drop-cap{float:left;text-align:center;line-height:1;font-size:50px}.elementor-widget-text-editor .elementor-drop-cap-letter{display:inline-block}<\/style>\t\t\t\t<p>&#8230; \u00e9s proporcionar un entorn agradable per liderar la investigaci\u00f3 i l\u2019aprenentatge efica\u00e7. Amb un enfocament multidisciplinari, pretenem incloure la inclusi\u00f3, la diversitat i l\u2019equitat com a valors clau per afavorir el desenvolupament personal de tothom. Creiem que l&#8217;educaci\u00f3 superior ha de ser un lloc no nom\u00e9s per crear i proporcionar nous coneixements de qualitat, sin\u00f3 tamb\u00e9 com un actiu integral de la societat humana actual, on els seus ciutadans puguin desenvolupar lliurement les seves habilitats.<\/p><p><span style=\"color: var( --e-global-color-text ); font-family: var( --e-global-typography-text-font-family ), Sans-serif; font-size: var( --e-global-typography-text-font-size ); font-weight: var( --e-global-typography-text-font-weight );\"><strong>Els valors en el nostre laboratori s\u00f3n primordials. Estem plenament compromesos amb la creaci\u00f3 d\u2019un grup de recerca l\u00edder que incorpori la inclusi\u00f3, la diversitat i la creativitat com a recursos clau per millorar la ci\u00e8ncia<\/strong>.<strong> Les vostres maneres us portaran all\u00e0 on el vostre cervell i els vostrs diners no ho faran.<\/strong> <\/span><\/p>\t\t\t\t\t\t<\/div>\n\t\t\t\t<\/div>\n\t\t\t\t\t<\/div>\n\t\t<\/div>\n\t\t\t\t\t<\/div>\n\t\t<\/section>\n\t\t\t\t<section class=\"elementor-section elementor-top-section elementor-element elementor-element-ff0a5aa elementor-section-boxed elementor-section-height-default elementor-section-height-default\" data-id=\"ff0a5aa\" data-element_type=\"section\">\n\t\t\t\t\t\t<div class=\"elementor-container elementor-column-gap-default\">\n\t\t\t\t\t<div class=\"elementor-column elementor-col-50 elementor-top-column elementor-element elementor-element-f295c1b\" data-id=\"f295c1b\" data-element_type=\"column\">\n\t\t\t<div class=\"elementor-widget-wrap elementor-element-populated\">\n\t\t\t\t\t\t<div class=\"elementor-element elementor-element-4598622 elementor-widget elementor-widget-text-editor\" data-id=\"4598622\" data-element_type=\"widget\" data-widget_type=\"text-editor.default\">\n\t\t\t\t<div class=\"elementor-widget-container\">\n\t\t\t\t\t\t\t<p><a href=\"https:\/\/www.nasa.gov\/offices\/education\/leadership\/d_James_bioOLD.html\">Donald<\/a><strong><a href=\"https:\/\/www.nasa.gov\/offices\/education\/leadership\/d_James_bioOLD.html\"> G. James<\/a><\/strong> va ser nomenat administrador associat de la NASA per a l&#8217;Oficina d&#8217;Educaci\u00f3 des del 2014.\u00a0<span style=\"color: var( --e-global-color-text ); font-size: var( --e-global-typography-text-font-size ); font-weight: var( --e-global-typography-text-font-weight );\">En aquesta posici\u00f3, James era responsable del desenvolupament i implementaci\u00f3 de l&#8217;<\/span><a style=\"font-size: var( --e-global-typography-text-font-size ); font-weight: var( --e-global-typography-text-font-weight ); background-color: #ffffff;\" href=\"https:\/\/www.nasa.gov\/stem\/about.html\"> Educaci\u00f3 des de la NASA<\/a><span style=\"color: var( --e-global-color-text ); font-size: var( --e-global-typography-text-font-size ); font-weight: var( --e-global-typography-text-font-weight );\">\u00a0amb programes que reforcen la implicaci\u00f3 dels estudiants i la consci\u00e8ncia p\u00fablica sobre els seus objectius i missions cient\u00edfics. En aquest rol, pretenen inspirar inter\u00e8s per la ci\u00e8ncia, la tecnologia, l&#8217;enginyeria i les matem\u00e0tiques, el que es coneix com<\/span><strong style=\"color: var( --e-global-color-text ); font-size: var( --e-global-typography-text-font-size );\"> Estudis STEM<\/strong><span style=\"color: var( --e-global-color-text ); font-size: var( --e-global-typography-text-font-size ); font-weight: var( --e-global-typography-text-font-weight );\"> .<\/span><\/p><p>Vaig con\u00e8ixer Donald ja que era un dels participants del<a href=\"https:\/\/www.nasa.gov\/centers\/ames\/ISU\/ISU_mars.html\"> Programa de postgrau ISU SSP09 al Centre de Recerca Ames de la NASA<\/a> (Calif\u00f2rnia, EUA) on ell era el director de la seva oficina educativa. El recordo com un model a seguir com a professional de l\u2019espai i com a persona. Humil, per\u00f2 amb gran \u00e8xit a l\u2019hora de posar persones en un context molt complex i multinacional. Fins i tot, durant la nostra estada ens va ajudar a trobar la manera d\u2019assistir a un partit de futbol del\u00a0<a href=\"http:\/\/www.fcbarcelona.com\/en\">FC Barcelona<\/a>\u00a0a l&#8217;estadi dels<a href=\"https:\/\/www.levisstadium.com\/\">\u00a0San Francisco 49&#8217;ers<\/a>!<\/p><p>El seu lema<a href=\"https:\/\/donaldgregoryjames.com\/the-book\"> &#8220;Les vostres maneres us portaran on el vostre cervell i els vostres diners no ho faran&#8221;<\/a> resumeix la seva experi\u00e8ncia de m\u00e9s de 36 anys a la NASA superant molts obstacles que va haver d&#8217;enfrontar. Les seves<strong>\u00a0&#8220;Maneres&#8221;<\/strong>\u00a0expressen la import\u00e0ncia que tenen els\u00a0<strong>Valors<\/strong>\u00a0per assolir els\u00a0 objectius professionals de cadasc\u00fa d\u2019una manera civilitzada i amable amb els companys i companyes.<\/p>\t\t\t\t\t\t<\/div>\n\t\t\t\t<\/div>\n\t\t\t\t\t<\/div>\n\t\t<\/div>\n\t\t\t\t<div class=\"elementor-column elementor-col-50 elementor-top-column elementor-element elementor-element-c667679\" data-id=\"c667679\" data-element_type=\"column\">\n\t\t\t<div class=\"elementor-widget-wrap elementor-element-populated\">\n\t\t\t\t\t\t<div class=\"elementor-element elementor-element-3bbfa81 elementor-widget elementor-widget-image\" data-id=\"3bbfa81\" data-element_type=\"widget\" data-widget_type=\"image.default\">\n\t\t\t\t<div class=\"elementor-widget-container\">\n\t\t\t<style>\/*! elementor - v3.23.0 - 05-08-2024 *\/\n.elementor-widget-image{text-align:center}.elementor-widget-image a{display:inline-block}.elementor-widget-image a img[src$=\".svg\"]{width:48px}.elementor-widget-image img{vertical-align:middle;display:inline-block}<\/style>\t\t\t\t\t\t\t\t\t\t<img fetchpriority=\"high\" width=\"259\" height=\"400\" src=\"https:\/\/www.perez-poch.org\/wp-content\/uploads\/2021\/09\/manners.jpg\" class=\"attachment-large size-large wp-image-2441\" alt=\"\" srcset=\"https:\/\/www.perez-poch.org\/wp-content\/uploads\/2021\/09\/manners.jpg 259w, https:\/\/www.perez-poch.org\/wp-content\/uploads\/2021\/09\/manners-194x300.jpg 194w\" sizes=\"(max-width: 259px) 100vw, 259px\" \/>\t\t\t\t\t\t\t\t\t\t\t\t\t<\/div>\n\t\t\t\t<\/div>\n\t\t\t\t\t<\/div>\n\t\t<\/div>\n\t\t\t\t\t<\/div>\n\t\t<\/section>\n\t\t\t\t<section class=\"elementor-section elementor-top-section elementor-element elementor-element-7129192 elementor-section-boxed elementor-section-height-default elementor-section-height-default\" data-id=\"7129192\" data-element_type=\"section\">\n\t\t\t\t\t\t<div class=\"elementor-container elementor-column-gap-default\">\n\t\t\t\t\t<div class=\"elementor-column elementor-col-100 elementor-top-column elementor-element elementor-element-8b25c4a\" data-id=\"8b25c4a\" data-element_type=\"column\">\n\t\t\t<div class=\"elementor-widget-wrap elementor-element-populated\">\n\t\t\t\t\t\t<div class=\"elementor-element elementor-element-5f8aca2 elementor-widget-divider--view-line elementor-widget elementor-widget-divider\" data-id=\"5f8aca2\" data-element_type=\"widget\" data-widget_type=\"divider.default\">\n\t\t\t\t<div class=\"elementor-widget-container\">\n\t\t\t<style>\/*! elementor - v3.23.0 - 05-08-2024 *\/\n.elementor-widget-divider{--divider-border-style:none;--divider-border-width:1px;--divider-color:#0c0d0e;--divider-icon-size:20px;--divider-element-spacing:10px;--divider-pattern-height:24px;--divider-pattern-size:20px;--divider-pattern-url:none;--divider-pattern-repeat:repeat-x}.elementor-widget-divider .elementor-divider{display:flex}.elementor-widget-divider .elementor-divider__text{font-size:15px;line-height:1;max-width:95%}.elementor-widget-divider .elementor-divider__element{margin:0 var(--divider-element-spacing);flex-shrink:0}.elementor-widget-divider .elementor-icon{font-size:var(--divider-icon-size)}.elementor-widget-divider .elementor-divider-separator{display:flex;margin:0;direction:ltr}.elementor-widget-divider--view-line_icon .elementor-divider-separator,.elementor-widget-divider--view-line_text .elementor-divider-separator{align-items:center}.elementor-widget-divider--view-line_icon .elementor-divider-separator:after,.elementor-widget-divider--view-line_icon .elementor-divider-separator:before,.elementor-widget-divider--view-line_text .elementor-divider-separator:after,.elementor-widget-divider--view-line_text .elementor-divider-separator:before{display:block;content:\"\";border-block-end:0;flex-grow:1;border-block-start:var(--divider-border-width) var(--divider-border-style) var(--divider-color)}.elementor-widget-divider--element-align-left .elementor-divider .elementor-divider-separator>.elementor-divider__svg:first-of-type{flex-grow:0;flex-shrink:100}.elementor-widget-divider--element-align-left .elementor-divider-separator:before{content:none}.elementor-widget-divider--element-align-left .elementor-divider__element{margin-left:0}.elementor-widget-divider--element-align-right .elementor-divider .elementor-divider-separator>.elementor-divider__svg:last-of-type{flex-grow:0;flex-shrink:100}.elementor-widget-divider--element-align-right .elementor-divider-separator:after{content:none}.elementor-widget-divider--element-align-right .elementor-divider__element{margin-right:0}.elementor-widget-divider--element-align-start .elementor-divider .elementor-divider-separator>.elementor-divider__svg:first-of-type{flex-grow:0;flex-shrink:100}.elementor-widget-divider--element-align-start .elementor-divider-separator:before{content:none}.elementor-widget-divider--element-align-start .elementor-divider__element{margin-inline-start:0}.elementor-widget-divider--element-align-end .elementor-divider .elementor-divider-separator>.elementor-divider__svg:last-of-type{flex-grow:0;flex-shrink:100}.elementor-widget-divider--element-align-end .elementor-divider-separator:after{content:none}.elementor-widget-divider--element-align-end .elementor-divider__element{margin-inline-end:0}.elementor-widget-divider:not(.elementor-widget-divider--view-line_text):not(.elementor-widget-divider--view-line_icon) .elementor-divider-separator{border-block-start:var(--divider-border-width) var(--divider-border-style) var(--divider-color)}.elementor-widget-divider--separator-type-pattern{--divider-border-style:none}.elementor-widget-divider--separator-type-pattern.elementor-widget-divider--view-line .elementor-divider-separator,.elementor-widget-divider--separator-type-pattern:not(.elementor-widget-divider--view-line) .elementor-divider-separator:after,.elementor-widget-divider--separator-type-pattern:not(.elementor-widget-divider--view-line) .elementor-divider-separator:before,.elementor-widget-divider--separator-type-pattern:not([class*=elementor-widget-divider--view]) .elementor-divider-separator{width:100%;min-height:var(--divider-pattern-height);-webkit-mask-size:var(--divider-pattern-size) 100%;mask-size:var(--divider-pattern-size) 100%;-webkit-mask-repeat:var(--divider-pattern-repeat);mask-repeat:var(--divider-pattern-repeat);background-color:var(--divider-color);-webkit-mask-image:var(--divider-pattern-url);mask-image:var(--divider-pattern-url)}.elementor-widget-divider--no-spacing{--divider-pattern-size:auto}.elementor-widget-divider--bg-round{--divider-pattern-repeat:round}.rtl .elementor-widget-divider .elementor-divider__text{direction:rtl}.e-con-inner>.elementor-widget-divider,.e-con>.elementor-widget-divider{width:var(--container-widget-width,100%);--flex-grow:var(--container-widget-flex-grow)}<\/style>\t\t<div class=\"elementor-divider\">\n\t\t\t<span class=\"elementor-divider-separator\">\n\t\t\t\t\t\t<\/span>\n\t\t<\/div>\n\t\t\t\t<\/div>\n\t\t\t\t<\/div>\n\t\t\t\t<div class=\"elementor-element elementor-element-54e6b47 elementor-widget elementor-widget-heading\" data-id=\"54e6b47\" data-element_type=\"widget\" data-widget_type=\"heading.default\">\n\t\t\t\t<div class=\"elementor-widget-container\">\n\t\t\t<h4 class=\"elementor-heading-title elementor-size-default\">Inclusi\u00f3, equitat i diversitat<\/h4>\t\t<\/div>\n\t\t\t\t<\/div>\n\t\t\t\t<div class=\"elementor-element elementor-element-72080ab elementor-widget elementor-widget-text-editor\" data-id=\"72080ab\" data-element_type=\"widget\" data-widget_type=\"text-editor.default\">\n\t\t\t\t<div class=\"elementor-widget-container\">\n\t\t\t\t\t\t\t<p>Per garantir que els estudiants que entren i es graduen a les institucions europees d\u2019ensenyament superior reflecteixin la diversitat de la poblaci\u00f3 europea, s\u2019haurien d&#8217;optimitzar la millora de les taxes d\u2019acc\u00e9s i finalitzaci\u00f3 dels estudis per part dels grups desfavorits i poc representats. Amb aquesta finalitat, les autoritats nacionals i les institucions d&#8217;educaci\u00f3 superior haurien de:<\/p><ul><li>fes una an\u00e0lisi integral a com s\u2019organitzen l\u2019admissi\u00f3, l\u2019ensenyament i l\u2019avaluaci\u00f3.<\/li><li>establir mesures per orientar els estudiants.<\/li><li>proporcionar suport tant acad\u00e8mic com no acad\u00e8mic.<\/li><\/ul>\t\t\t\t\t\t<\/div>\n\t\t\t\t<\/div>\n\t\t\t\t<div class=\"elementor-element elementor-element-a3b4a3a elementor-widget elementor-widget-text-editor\" data-id=\"a3b4a3a\" data-element_type=\"widget\" data-widget_type=\"text-editor.default\">\n\t\t\t\t<div class=\"elementor-widget-container\">\n\t\t\t\t\t\t\t<p><span style=\"color: #333333; font-family: europa, Helvetica, Arial, sans-serif;\">Actualment treballem amb el<a href=\"https:\/\/inclusio.upc.edu\/ca\"> Oficina de<em><strong> Inclusi\u00f3<\/strong><\/em> de la UPC<\/a> proporcionant tutories a la UPC i tamb\u00e9 proporcionant tutories a SGAC, una \u00a0xarxa molt activa d&#8217;estudiants i professionals de l&#8217;espai.<\/span><\/p>\t\t\t\t\t\t<\/div>\n\t\t\t\t<\/div>\n\t\t\t\t<div class=\"elementor-element elementor-element-b6341b4 elementor-widget elementor-widget-text-editor\" data-id=\"b6341b4\" data-element_type=\"widget\" data-widget_type=\"text-editor.default\">\n\t\t\t\t<div class=\"elementor-widget-container\">\n\t\t\t\t\t\t\t<p><span style=\"color: #333333; font-family: europa, Helvetica, Arial, sans-serif;\"><strong>E<\/strong><\/span><strong><i style=\"color: #333333; font-family: europa, Helvetica, Arial, sans-serif;\">quitat<\/i><\/strong><span style=\"color: #333333; font-family: europa, Helvetica, Arial, sans-serif;\">\u00a0significa crear un acc\u00e9s just, i oportunitats per a totes aquelles persones siguin com siguin. Es tracta de crear un terreny de joc just, per utilitzar una met\u00e0fora familiar.<\/span><\/p>\t\t\t\t\t\t<\/div>\n\t\t\t\t<\/div>\n\t\t\t\t<div class=\"elementor-element elementor-element-b9b6a53 elementor-widget elementor-widget-text-editor\" data-id=\"b9b6a53\" data-element_type=\"widget\" data-widget_type=\"text-editor.default\">\n\t\t\t\t<div class=\"elementor-widget-container\">\n\t\t\t\t\t\t\t<p><span style=\"color: var( --e-global-color-text ); font-family: var( --e-global-typography-text-font-family ), Sans-serif; font-size: var( --e-global-typography-text-font-size ); font-weight: var( --e-global-typography-text-font-weight );\"><em><strong>Diversitat<\/strong><\/em> fa refer\u00e8ncia a totes les maneres en qu\u00e8 les persones difereixen. Podem conceptualitzar la diversitat com una encarnaci\u00f3 de la composici\u00f3 d\u2019un grup, probablement formada per molts o tots els tipus de diversitat que hom pot pensar. \u00c9s la resultant de les diferents difer\u00e8ncies que s\u2019hi representen \u2014i que parlen entre elles\u2014. <\/span><\/p>\t\t\t\t\t\t<\/div>\n\t\t\t\t<\/div>\n\t\t\t\t<div class=\"elementor-element elementor-element-ef2202a elementor-widget elementor-widget-heading\" data-id=\"ef2202a\" data-element_type=\"widget\" data-widget_type=\"heading.default\">\n\t\t\t\t<div class=\"elementor-widget-container\">\n\t\t\t<h5 class=\"elementor-heading-title elementor-size-default\">Foment de la creativitat<\/h5>\t\t<\/div>\n\t\t\t\t<\/div>\n\t\t\t\t<div class=\"elementor-element elementor-element-91e3dec elementor-widget elementor-widget-text-editor\" data-id=\"91e3dec\" data-element_type=\"widget\" data-widget_type=\"text-editor.default\">\n\t\t\t\t<div class=\"elementor-widget-container\">\n\t\t\t\t\t\t\t<p>Estem estudiant quin paper <strong>juga la creativitat<\/strong> a l\u2019enginyeria, generalment infravalorat a l\u2019educaci\u00f3 superior. Creiem que aquest \u00e9s un actiu important per a qualsevol investigador.<\/p>\n\t\t\t\t\t\t<\/div>\n\t\t\t\t<\/div>\n\t\t\t\t<div class=\"elementor-element elementor-element-14166c5 elementor-widget elementor-widget-text-editor\" data-id=\"14166c5\" data-element_type=\"widget\" data-widget_type=\"text-editor.default\">\n\t\t\t\t<div class=\"elementor-widget-container\">\n\t\t\t\t\t\t\t<p><em><strong>Creativitat<\/strong><\/em> \u00e9s la capacitat de crear connexions entre coses aparentment no relacionades, una caracter\u00edstica inherent a un bon Programador o Programadora.<br \/>En la nostra investigaci\u00f3 (vegeu el document n\u00fam. 5 a la secci\u00f3<strong>\u00a0Educaci\u00f3 en Enginyeria<\/strong>) hem trobat que els estudiants de primer curs d\u2019un curs d\u2019iniciaci\u00f3 a la programaci\u00f3 d\u2019enginyeria que s\u00f3n molt creatius s\u00f3n capa\u00e7os d\u2019adquirir complexes habilitats de programaci\u00f3.<\/p>\t\t\t\t\t\t<\/div>\n\t\t\t\t<\/div>\n\t\t\t\t<section class=\"elementor-section elementor-inner-section elementor-element elementor-element-78deba1 elementor-section-boxed elementor-section-height-default elementor-section-height-default\" data-id=\"78deba1\" data-element_type=\"section\">\n\t\t\t\t\t\t<div class=\"elementor-container elementor-column-gap-default\">\n\t\t\t\t\t<div class=\"elementor-column elementor-col-50 elementor-inner-column elementor-element elementor-element-c25693a\" data-id=\"c25693a\" data-element_type=\"column\">\n\t\t\t<div class=\"elementor-widget-wrap elementor-element-populated\">\n\t\t\t\t\t\t<div class=\"elementor-element elementor-element-12f5eb6 elementor-widget elementor-widget-image\" data-id=\"12f5eb6\" data-element_type=\"widget\" data-widget_type=\"image.default\">\n\t\t\t\t<div class=\"elementor-widget-container\">\n\t\t\t\t\t\t\t\t\t\t\t\t\t<img width=\"150\" height=\"150\" src=\"https:\/\/www.perez-poch.org\/wp-content\/uploads\/2021\/09\/acompanyament-discapacitats-150x150.png\" class=\"attachment-thumbnail size-thumbnail wp-image-2437\" alt=\"\" srcset=\"https:\/\/www.perez-poch.org\/wp-content\/uploads\/2021\/09\/acompanyament-discapacitats-150x150.png 150w, https:\/\/www.perez-poch.org\/wp-content\/uploads\/2021\/09\/acompanyament-discapacitats.png 256w\" sizes=\"(max-width: 150px) 100vw, 150px\" \/>\t\t\t\t\t\t\t\t\t\t\t\t\t<\/div>\n\t\t\t\t<\/div>\n\t\t\t\t\t<\/div>\n\t\t<\/div>\n\t\t\t\t<div class=\"elementor-column elementor-col-50 elementor-inner-column elementor-element elementor-element-c49dd05\" data-id=\"c49dd05\" data-element_type=\"column\">\n\t\t\t<div class=\"elementor-widget-wrap elementor-element-populated\">\n\t\t\t\t\t\t<div class=\"elementor-element elementor-element-4b44f38 elementor-widget elementor-widget-image\" data-id=\"4b44f38\" data-element_type=\"widget\" data-widget_type=\"image.default\">\n\t\t\t\t<div class=\"elementor-widget-container\">\n\t\t\t\t\t\t\t\t\t\t\t\t\t<img width=\"357\" height=\"141\" src=\"https:\/\/www.perez-poch.org\/wp-content\/uploads\/2021\/09\/sgac.jpg\" class=\"attachment-medium_large size-medium_large wp-image-2435\" alt=\"\" srcset=\"https:\/\/www.perez-poch.org\/wp-content\/uploads\/2021\/09\/sgac.jpg 357w, https:\/\/www.perez-poch.org\/wp-content\/uploads\/2021\/09\/sgac-300x118.jpg 300w\" sizes=\"(max-width: 357px) 100vw, 357px\" \/>\t\t\t\t\t\t\t\t\t\t\t\t\t<\/div>\n\t\t\t\t<\/div>\n\t\t\t\t\t<\/div>\n\t\t<\/div>\n\t\t\t\t\t<\/div>\n\t\t<\/section>\n\t\t\t\t<div class=\"elementor-element elementor-element-fef1a10 elementor-widget elementor-widget-image\" data-id=\"fef1a10\" data-element_type=\"widget\" data-widget_type=\"image.default\">\n\t\t\t\t<div class=\"elementor-widget-container\">\n\t\t\t\t\t\t\t\t\t\t\t\t\t<img loading=\"lazy\" width=\"600\" height=\"338\" src=\"https:\/\/www.perez-poch.org\/wp-content\/uploads\/2021\/09\/Squoosh-DesignWeekPortland-600x338-1.jpg\" class=\"attachment-medium_large size-medium_large wp-image-2433\" alt=\"\" srcset=\"https:\/\/www.perez-poch.org\/wp-content\/uploads\/2021\/09\/Squoosh-DesignWeekPortland-600x338-1.jpg 600w, https:\/\/www.perez-poch.org\/wp-content\/uploads\/2021\/09\/Squoosh-DesignWeekPortland-600x338-1-300x169.jpg 300w\" sizes=\"(max-width: 600px) 100vw, 600px\" \/>\t\t\t\t\t\t\t\t\t\t\t\t\t<\/div>\n\t\t\t\t<\/div>\n\t\t\t\t<div class=\"elementor-element elementor-element-464b95d elementor-widget elementor-widget-text-editor\" data-id=\"464b95d\" data-element_type=\"widget\" data-widget_type=\"text-editor.default\">\n\t\t\t\t<div class=\"elementor-widget-container\">\n\t\t\t\t\t\t\t<p style=\"text-align: center;\">Inclusi\u00f3 per disseny: extret d'&#8221;Insights from Design Week&#8221; de Gensler (Portland)<\/p>\t\t\t\t\t\t<\/div>\n\t\t\t\t<\/div>\n\t\t\t\t\t<\/div>\n\t\t<\/div>\n\t\t\t\t\t<\/div>\n\t\t<\/section>\n\t\t\t\t<section class=\"elementor-section elementor-top-section elementor-element elementor-element-f8ea1fe elementor-section-boxed elementor-section-height-default elementor-section-height-default\" data-id=\"f8ea1fe\" data-element_type=\"section\">\n\t\t\t\t\t\t<div class=\"elementor-container elementor-column-gap-default\">\n\t\t\t\t\t<div class=\"elementor-column elementor-col-100 elementor-top-column elementor-element elementor-element-51f86f3\" data-id=\"51f86f3\" data-element_type=\"column\">\n\t\t\t<div class=\"elementor-widget-wrap\">\n\t\t\t\t\t\t\t<\/div>\n\t\t<\/div>\n\t\t\t\t\t<\/div>\n\t\t<\/section>\n\t\t\t\t<\/div>\n\t\t","protected":false},"excerpt":{"rendered":"<p>Els nostres valors La nostra missi\u00f3 &#8230; \u00e9s proporcionar un entorn agradable per liderar la investigaci\u00f3 i l\u2019aprenentatge efica\u00e7. Amb un enfocament multidisciplinari, pretenem incloure la inclusi\u00f3, la diversitat i l\u2019equitat com a valors clau per afavorir el desenvolupament personal de tothom. Creiem que l&#8217;educaci\u00f3 superior ha de ser un lloc no nom\u00e9s per crear [&hellip;]<\/p>\n","protected":false},"author":1,"featured_media":0,"parent":0,"menu_order":0,"comment_status":"closed","ping_status":"closed","template":"elementor_header_footer","meta":[],"_links":{"self":[{"href":"https:\/\/www.perez-poch.org\/ca\/wp-json\/wp\/v2\/pages\/2541"}],"collection":[{"href":"https:\/\/www.perez-poch.org\/ca\/wp-json\/wp\/v2\/pages"}],"about":[{"href":"https:\/\/www.perez-poch.org\/ca\/wp-json\/wp\/v2\/types\/page"}],"author":[{"embeddable":true,"href":"https:\/\/www.perez-poch.org\/ca\/wp-json\/wp\/v2\/users\/1"}],"replies":[{"embeddable":true,"href":"https:\/\/www.perez-poch.org\/ca\/wp-json\/wp\/v2\/comments?post=2541"}],"version-history":[{"count":29,"href":"https:\/\/www.perez-poch.org\/ca\/wp-json\/wp\/v2\/pages\/2541\/revisions"}],"predecessor-version":[{"id":2768,"href":"https:\/\/www.perez-poch.org\/ca\/wp-json\/wp\/v2\/pages\/2541\/revisions\/2768"}],"wp:attachment":[{"href":"https:\/\/www.perez-poch.org\/ca\/wp-json\/wp\/v2\/media?parent=2541"}],"curies":[{"name":"wp","href":"https:\/\/api.w.org\/{rel}","templated":true}]}}